{"id":4675,"date":"2022-01-26T10:23:38","date_gmt":"2022-01-26T17:23:38","guid":{"rendered":"https:\/\/int.bazardeltornero.com\/wp\/?post_type=product&#038;p=4675"},"modified":"2025-07-30T10:25:45","modified_gmt":"2025-07-30T17:25:45","slug":"broca-de-carburo-7xd-5-16-x-2-3-8-x-4-2f","status":"publish","type":"product","link":"https:\/\/int.bazardeltornero.com\/wp\/product\/broca-de-carburo-7xd-5-16-x-2-3-8-x-4-2f\/","title":{"rendered":"Broca De Carburo 7Xd 5\/16&#8243; X 2-3\/8&#8243; X 4&#8243; 2F Fullerton"},"content":{"rendered":"<p>Caracter\u00edsticas generales:<\/p>\n<p>\u25cb Los zancos no est\u00e1n rectificados con precisi\u00f3n y est\u00e1n dise\u00f1ados para usarse solo en mandriles de tres mordazas y en conos de boquilla.<\/p>\n<p>\u25cb Ideal para trabajar en titanio, aceros endurecidos, aceros inoxidables, aceros, fundici\u00f3n, graffito, lat\u00f3n, cobre, aluminio de alto silicio, aluminio de bajo silicio, compuestos, madera.<\/p>\n<p>\u25cb Tolerancias:<\/p>\n<ul>\n<li>+0.0000\u201d.<\/li>\n<li>-0.0005\u201d.<\/li>\n<\/ul>\n","protected":false},"excerpt":{"rendered":"<p>Broca de carburo de 5\/16&#8243; de di\u00e1metro, punta a 118\u00b0<\/p>\n","protected":false},"featured_media":4676,"comment_status":"open","ping_status":"closed","template":"","meta":{"site-sidebar-layout":"default","site-content-layout":"default","ast-site-content-layout":"","site-content-style":"default","site-sidebar-style":"default","ast-global-header-display":"","ast-banner-title-visibility":"","ast-main-header-display":"","ast-hfb-above-header-display":"","ast-hfb-below-header-display":"","ast-hfb-mobile-header-display":"","site-post-title":"","ast-breadcrumbs-content":"","ast-featured-img":"","footer-sml-layout":"","theme-transparent-header-meta":"default","adv-header-id-meta":"","stick-header-meta":"","header-above-stick-meta":"","header-main-stick-meta":"","header-below-stick-meta":"","astra-migrate-meta-layouts":"default","ast-page-background-enabled":"default","ast-page-background-meta":{"desktop":{"background-color":"","background-image":"","background-repeat":"repeat","background-position":"center center","background-size":"auto","background-attachment":"scroll","background-type":"","background-media":"","overlay-type":"","overlay-color":"","overlay-opacity":"","overlay-gradient":""},"tablet":{"background-color":"","background-image":"","background-repeat":"repeat","background-position":"center center","background-size":"auto","background-attachment":"scroll","background-type":"","background-media":"","overlay-type":"","overlay-color":"","overlay-opacity":"","overlay-gradient":""},"mobile":{"background-color":"","background-image":"","background-repeat":"repeat","background-position":"center center","background-size":"auto","background-attachment":"scroll","background-type":"","background-media":"","overlay-type":"","overlay-color":"","overlay-opacity":"","overlay-gradient":""}},"ast-content-background-meta":{"desktop":{"background-color":"var(--ast-global-color-5)","background-image":"","background-repeat":"repeat","background-position":"center center","background-size":"auto","background-attachment":"scroll","background-type":"","background-media":"","overlay-type":"","overlay-color":"","overlay-opacity":"","overlay-gradient":""},"tablet":{"background-color":"var(--ast-global-color-5)","background-image":"","background-repeat":"repeat","background-position":"center center","background-size":"auto","background-attachment":"scroll","background-type":"","background-media":"","overlay-type":"","overlay-color":"","overlay-opacity":"","overlay-gradient":""},"mobile":{"background-color":"var(--ast-global-color-5)","background-image":"","background-repeat":"repeat","background-position":"center center","background-size":"auto","background-attachment":"scroll","background-type":"","background-media":"","overlay-type":"","overlay-color":"","overlay-opacity":"","overlay-gradient":""}}},"product_brand":[],"product_cat":[68],"product_tag":[692],"class_list":{"0":"post-4675","1":"product","2":"type-product","3":"status-publish","4":"has-post-thumbnail","6":"product_cat-brocas","7":"product_tag-broca","8":"desktop-align-center","9":"tablet-align-center","10":"mobile-align-center","12":"first","13":"instock","14":"sale","15":"taxable","16":"shipping-taxable","17":"purchasable","18":"product-type-simple"},"yoast_head":"<!-- This site is optimized with the Yoast SEO plugin v24.0 - https:\/\/yoast.com\/wordpress\/plugins\/seo\/ -->\n<title>Broca De Carburo 7Xd 5\/16&quot; X 2-3\/8&quot; X 4&quot; 2F Fullerton - test-bazar del tornero<\/title>\n<meta name=\"robots\" content=\"noindex, follow, max-snippet:-1, max-image-preview:large, max-video-preview:-1\" \/>\n<meta property=\"og:locale\" content=\"es_ES\" \/>\n<meta property=\"og:type\" content=\"article\" \/>\n<meta property=\"og:title\" content=\"Broca De Carburo 7Xd 5\/16&quot; X 2-3\/8&quot; X 4&quot; 2F Fullerton - test-bazar del tornero\" \/>\n<meta property=\"og:description\" content=\"Broca de carburo de 5\/16&quot; de di\u00e1metro, punta a 118\u00b0\" \/>\n<meta property=\"og:url\" content=\"https:\/\/int.bazardeltornero.com\/wp\/product\/broca-de-carburo-7xd-5-16-x-2-3-8-x-4-2f\/\" \/>\n<meta property=\"og:site_name\" content=\"test-bazar del tornero\" \/>\n<meta property=\"article:publisher\" content=\"https:\/\/www.facebook.com\/bazardeltornero\" \/>\n<meta property=\"article:modified_time\" content=\"2025-07-30T17:25:45+00:00\" \/>\n<meta property=\"og:image\" content=\"https:\/\/int.bazardeltornero.com\/wp\/wp-content\/uploads\/2022\/01\/15128.jpg\" \/>\n\t<meta property=\"og:image:width\" content=\"1000\" \/>\n\t<meta property=\"og:image:height\" content=\"1000\" \/>\n\t<meta property=\"og:image:type\" content=\"image\/jpeg\" \/>\n<meta name=\"twitter:card\" content=\"summary_large_image\" \/>\n<meta name=\"twitter:label1\" content=\"Tiempo de lectura\" \/>\n\t<meta name=\"twitter:data1\" content=\"1 minuto\" \/>\n<script type=\"application\/ld+json\" class=\"yoast-schema-graph\">{\"@context\":\"https:\/\/schema.org\",\"@graph\":[{\"@type\":\"WebPage\",\"@id\":\"https:\/\/int.bazardeltornero.com\/wp\/product\/broca-de-carburo-7xd-5-16-x-2-3-8-x-4-2f\/\",\"url\":\"https:\/\/int.bazardeltornero.com\/wp\/product\/broca-de-carburo-7xd-5-16-x-2-3-8-x-4-2f\/\",\"name\":\"Broca De Carburo 7Xd 5\/16\\\" X 2-3\/8\\\" X 4\\\" 2F Fullerton - test-bazar del tornero\",\"isPartOf\":{\"@id\":\"https:\/\/int.bazardeltornero.com\/wp\/#website\"},\"primaryImageOfPage\":{\"@id\":\"https:\/\/int.bazardeltornero.com\/wp\/product\/broca-de-carburo-7xd-5-16-x-2-3-8-x-4-2f\/#primaryimage\"},\"image\":{\"@id\":\"https:\/\/int.bazardeltornero.com\/wp\/product\/broca-de-carburo-7xd-5-16-x-2-3-8-x-4-2f\/#primaryimage\"},\"thumbnailUrl\":\"https:\/\/int.bazardeltornero.com\/wp\/wp-content\/uploads\/2022\/01\/15128.jpg\",\"datePublished\":\"2022-01-26T17:23:38+00:00\",\"dateModified\":\"2025-07-30T17:25:45+00:00\",\"breadcrumb\":{\"@id\":\"https:\/\/int.bazardeltornero.com\/wp\/product\/broca-de-carburo-7xd-5-16-x-2-3-8-x-4-2f\/#breadcrumb\"},\"inLanguage\":\"es\",\"potentialAction\":[{\"@type\":\"ReadAction\",\"target\":[\"https:\/\/int.bazardeltornero.com\/wp\/product\/broca-de-carburo-7xd-5-16-x-2-3-8-x-4-2f\/\"]}]},{\"@type\":\"ImageObject\",\"inLanguage\":\"es\",\"@id\":\"https:\/\/int.bazardeltornero.com\/wp\/product\/broca-de-carburo-7xd-5-16-x-2-3-8-x-4-2f\/#primaryimage\",\"url\":\"https:\/\/int.bazardeltornero.com\/wp\/wp-content\/uploads\/2022\/01\/15128.jpg\",\"contentUrl\":\"https:\/\/int.bazardeltornero.com\/wp\/wp-content\/uploads\/2022\/01\/15128.jpg\",\"width\":1000,\"height\":1000,\"caption\":\"Broca 15128\"},{\"@type\":\"BreadcrumbList\",\"@id\":\"https:\/\/int.bazardeltornero.com\/wp\/product\/broca-de-carburo-7xd-5-16-x-2-3-8-x-4-2f\/#breadcrumb\",\"itemListElement\":[{\"@type\":\"ListItem\",\"position\":1,\"name\":\"Portada\",\"item\":\"https:\/\/int.bazardeltornero.com\/wp\/\"},{\"@type\":\"ListItem\",\"position\":2,\"name\":\"Tienda\",\"item\":\"https:\/\/int.bazardeltornero.com\/wp\/tienda\/\"},{\"@type\":\"ListItem\",\"position\":3,\"name\":\"Broca De Carburo 7Xd 5\/16&#8243; X 2-3\/8&#8243; X 4&#8243; 2F Fullerton\"}]},{\"@type\":\"WebSite\",\"@id\":\"https:\/\/int.bazardeltornero.com\/wp\/#website\",\"url\":\"https:\/\/int.bazardeltornero.com\/wp\/\",\"name\":\"Bazar del Tornero\",\"description\":\"Herramientas para la Industria Metalmec\u00e1nica\",\"publisher\":{\"@id\":\"https:\/\/int.bazardeltornero.com\/wp\/#organization\"},\"potentialAction\":[{\"@type\":\"SearchAction\",\"target\":{\"@type\":\"EntryPoint\",\"urlTemplate\":\"https:\/\/int.bazardeltornero.com\/wp\/?s={search_term_string}\"},\"query-input\":{\"@type\":\"PropertyValueSpecification\",\"valueRequired\":true,\"valueName\":\"search_term_string\"}}],\"inLanguage\":\"es\"},{\"@type\":\"Organization\",\"@id\":\"https:\/\/int.bazardeltornero.com\/wp\/#organization\",\"name\":\"Bazar del Tornero\",\"url\":\"https:\/\/int.bazardeltornero.com\/wp\/\",\"logo\":{\"@type\":\"ImageObject\",\"inLanguage\":\"es\",\"@id\":\"https:\/\/int.bazardeltornero.com\/wp\/#\/schema\/logo\/image\/\",\"url\":\"https:\/\/int.bazardeltornero.com\/wp\/wp-content\/uploads\/2021\/08\/cropped-Bazar-del-tornero-Logos-web-Color.png\",\"contentUrl\":\"https:\/\/int.bazardeltornero.com\/wp\/wp-content\/uploads\/2021\/08\/cropped-Bazar-del-tornero-Logos-web-Color.png\",\"width\":400,\"height\":134,\"caption\":\"Bazar del Tornero\"},\"image\":{\"@id\":\"https:\/\/int.bazardeltornero.com\/wp\/#\/schema\/logo\/image\/\"},\"sameAs\":[\"https:\/\/www.facebook.com\/bazardeltornero\",\"https:\/\/www.instagram.com\/bazardeltornero\/\"]}]}<\/script>\n<!-- \/ Yoast SEO plugin. -->","yoast_head_json":{"title":"Broca De Carburo 7Xd 5\/16\" X 2-3\/8\" X 4\" 2F Fullerton - test-bazar del tornero","robots":{"index":"noindex","follow":"follow","max-snippet":"max-snippet:-1","max-image-preview":"max-image-preview:large","max-video-preview":"max-video-preview:-1"},"og_locale":"es_ES","og_type":"article","og_title":"Broca De Carburo 7Xd 5\/16\" X 2-3\/8\" X 4\" 2F Fullerton - test-bazar del tornero","og_description":"Broca de carburo de 5\/16\" de di\u00e1metro, punta a 118\u00b0","og_url":"https:\/\/int.bazardeltornero.com\/wp\/product\/broca-de-carburo-7xd-5-16-x-2-3-8-x-4-2f\/","og_site_name":"test-bazar del tornero","article_publisher":"https:\/\/www.facebook.com\/bazardeltornero","article_modified_time":"2025-07-30T17:25:45+00:00","og_image":[{"width":1000,"height":1000,"url":"https:\/\/int.bazardeltornero.com\/wp\/wp-content\/uploads\/2022\/01\/15128.jpg","type":"image\/jpeg"}],"twitter_card":"summary_large_image","twitter_misc":{"Tiempo de lectura":"1 minuto"},"schema":{"@context":"https:\/\/schema.org","@graph":[{"@type":"WebPage","@id":"https:\/\/int.bazardeltornero.com\/wp\/product\/broca-de-carburo-7xd-5-16-x-2-3-8-x-4-2f\/","url":"https:\/\/int.bazardeltornero.com\/wp\/product\/broca-de-carburo-7xd-5-16-x-2-3-8-x-4-2f\/","name":"Broca De Carburo 7Xd 5\/16\" X 2-3\/8\" X 4\" 2F Fullerton - test-bazar del tornero","isPartOf":{"@id":"https:\/\/int.bazardeltornero.com\/wp\/#website"},"primaryImageOfPage":{"@id":"https:\/\/int.bazardeltornero.com\/wp\/product\/broca-de-carburo-7xd-5-16-x-2-3-8-x-4-2f\/#primaryimage"},"image":{"@id":"https:\/\/int.bazardeltornero.com\/wp\/product\/broca-de-carburo-7xd-5-16-x-2-3-8-x-4-2f\/#primaryimage"},"thumbnailUrl":"https:\/\/int.bazardeltornero.com\/wp\/wp-content\/uploads\/2022\/01\/15128.jpg","datePublished":"2022-01-26T17:23:38+00:00","dateModified":"2025-07-30T17:25:45+00:00","breadcrumb":{"@id":"https:\/\/int.bazardeltornero.com\/wp\/product\/broca-de-carburo-7xd-5-16-x-2-3-8-x-4-2f\/#breadcrumb"},"inLanguage":"es","potentialAction":[{"@type":"ReadAction","target":["https:\/\/int.bazardeltornero.com\/wp\/product\/broca-de-carburo-7xd-5-16-x-2-3-8-x-4-2f\/"]}]},{"@type":"ImageObject","inLanguage":"es","@id":"https:\/\/int.bazardeltornero.com\/wp\/product\/broca-de-carburo-7xd-5-16-x-2-3-8-x-4-2f\/#primaryimage","url":"https:\/\/int.bazardeltornero.com\/wp\/wp-content\/uploads\/2022\/01\/15128.jpg","contentUrl":"https:\/\/int.bazardeltornero.com\/wp\/wp-content\/uploads\/2022\/01\/15128.jpg","width":1000,"height":1000,"caption":"Broca 15128"},{"@type":"BreadcrumbList","@id":"https:\/\/int.bazardeltornero.com\/wp\/product\/broca-de-carburo-7xd-5-16-x-2-3-8-x-4-2f\/#breadcrumb","itemListElement":[{"@type":"ListItem","position":1,"name":"Portada","item":"https:\/\/int.bazardeltornero.com\/wp\/"},{"@type":"ListItem","position":2,"name":"Tienda","item":"https:\/\/int.bazardeltornero.com\/wp\/tienda\/"},{"@type":"ListItem","position":3,"name":"Broca De Carburo 7Xd 5\/16&#8243; X 2-3\/8&#8243; X 4&#8243; 2F Fullerton"}]},{"@type":"WebSite","@id":"https:\/\/int.bazardeltornero.com\/wp\/#website","url":"https:\/\/int.bazardeltornero.com\/wp\/","name":"Bazar del Tornero","description":"Herramientas para la Industria Metalmec\u00e1nica","publisher":{"@id":"https:\/\/int.bazardeltornero.com\/wp\/#organization"},"potentialAction":[{"@type":"SearchAction","target":{"@type":"EntryPoint","urlTemplate":"https:\/\/int.bazardeltornero.com\/wp\/?s={search_term_string}"},"query-input":{"@type":"PropertyValueSpecification","valueRequired":true,"valueName":"search_term_string"}}],"inLanguage":"es"},{"@type":"Organization","@id":"https:\/\/int.bazardeltornero.com\/wp\/#organization","name":"Bazar del Tornero","url":"https:\/\/int.bazardeltornero.com\/wp\/","logo":{"@type":"ImageObject","inLanguage":"es","@id":"https:\/\/int.bazardeltornero.com\/wp\/#\/schema\/logo\/image\/","url":"https:\/\/int.bazardeltornero.com\/wp\/wp-content\/uploads\/2021\/08\/cropped-Bazar-del-tornero-Logos-web-Color.png","contentUrl":"https:\/\/int.bazardeltornero.com\/wp\/wp-content\/uploads\/2021\/08\/cropped-Bazar-del-tornero-Logos-web-Color.png","width":400,"height":134,"caption":"Bazar del Tornero"},"image":{"@id":"https:\/\/int.bazardeltornero.com\/wp\/#\/schema\/logo\/image\/"},"sameAs":["https:\/\/www.facebook.com\/bazardeltornero","https:\/\/www.instagram.com\/bazardeltornero\/"]}]}},"_links":{"self":[{"href":"https:\/\/int.bazardeltornero.com\/wp\/wp-json\/wp\/v2\/product\/4675","targetHints":{"allow":["GET"]}}],"collection":[{"href":"https:\/\/int.bazardeltornero.com\/wp\/wp-json\/wp\/v2\/product"}],"about":[{"href":"https:\/\/int.bazardeltornero.com\/wp\/wp-json\/wp\/v2\/types\/product"}],"replies":[{"embeddable":true,"href":"https:\/\/int.bazardeltornero.com\/wp\/wp-json\/wp\/v2\/comments?post=4675"}],"wp:featuredmedia":[{"embeddable":true,"href":"https:\/\/int.bazardeltornero.com\/wp\/wp-json\/wp\/v2\/media\/4676"}],"wp:attachment":[{"href":"https:\/\/int.bazardeltornero.com\/wp\/wp-json\/wp\/v2\/media?parent=4675"}],"wp:term":[{"taxonomy":"product_brand","embeddable":true,"href":"https:\/\/int.bazardeltornero.com\/wp\/wp-json\/wp\/v2\/product_brand?post=4675"},{"taxonomy":"product_cat","embeddable":true,"href":"https:\/\/int.bazardeltornero.com\/wp\/wp-json\/wp\/v2\/product_cat?post=4675"},{"taxonomy":"product_tag","embeddable":true,"href":"https:\/\/int.bazardeltornero.com\/wp\/wp-json\/wp\/v2\/product_tag?post=4675"}],"curies":[{"name":"wp","href":"https:\/\/api.w.org\/{rel}","templated":true}]}}