{"id":13958,"date":"2025-07-30T15:06:34","date_gmt":"2025-07-30T22:06:34","guid":{"rendered":"https:\/\/int.bazardeltornero.com\/wp\/product\/medidor-de-altura-digital-0-500-mm-0-20-pulgadas-insize\/"},"modified":"2025-07-30T15:06:39","modified_gmt":"2025-07-30T22:06:39","slug":"medidor-de-altura-digital-0-500-mm-0-20-pulgadas-insize","status":"publish","type":"product","link":"https:\/\/int.bazardeltornero.com\/wp\/product\/medidor-de-altura-digital-0-500-mm-0-20-pulgadas-insize\/","title":{"rendered":"Medidor De Altura Digital 0-500 mm\/0-20 Pulgadas Insize"},"content":{"rendered":"<p>\u2022No impermeable<br \/>\n\u2022 Fabricado con acero inoxidable (excepto la base)<br \/>\n\u2022 LR44 Bater\u00eda, salida de datos<br \/>\n\u2022 Incluye soporte para reloj comparador<br \/>\n\u2022 Se suministra con funda guardapolvo<br \/>\n\u2022 Esp\u00e1tula de carburo<br \/>\n\u2022 Accesorios opcionales: transmisor inal\u00e1mbrico (c\u00f3digo 7315-1150 se necesita receptor), cable de datos (c\u00f3digo 7302-SPC7, formato de teclado)<br \/>\n\u2022 Botones:<br \/>\n\u2022 On\/def<br \/>\n\u2022 Zero<br \/>\n\u2022 Mm\/pulgadas<br \/>\n\u2022 ABS\/INC (medici\u00f3n absoluta e incremental)<br \/>\n\u2022 Data hold<br \/>\n\u2022 TOL (medici\u00f3n de tolerancia)<br \/>\n\u2022 Set<br \/>\n\u2022 Dimensiones (ver plano):<br \/>\n\u2022 L: 720 mm<br \/>\n\u2022 a1: 180 mm<br \/>\n\u2022 a2: 55 mm<br \/>\n\u2022 b: 95 mm<br \/>\n\u2022 c1: 103 mm<br \/>\n\u2022 c2: 25 mm<br \/>\n\u2022 c3: 12 mm<br \/>\n\u2022 d: 30 mm<br \/>\n\u2022 e: 10 mm<br \/>\n\u2022 f: 12 mm<\/p>\n","protected":false},"excerpt":{"rendered":"<p>Medidor de altura digital de 0-500mm\/0-20\u201d<\/p>\n","protected":false},"featured_media":13772,"comment_status":"open","ping_status":"closed","template":"","meta":{"site-sidebar-layout":"default","site-content-layout":"","ast-site-content-layout":"","site-content-style":"default","site-sidebar-style":"default","ast-global-header-display":"","ast-banner-title-visibility":"","ast-main-header-display":"","ast-hfb-above-header-display":"","ast-hfb-below-header-display":"","ast-hfb-mobile-header-display":"","site-post-title":"","ast-breadcrumbs-content":"","ast-featured-img":"","footer-sml-layout":"","theme-transparent-header-meta":"","adv-header-id-meta":"","stick-header-meta":"","header-above-stick-meta":"","header-main-stick-meta":"","header-below-stick-meta":"","astra-migrate-meta-layouts":"default","ast-page-background-enabled":"default","ast-page-background-meta":{"desktop":{"background-color":"","background-image":"","background-repeat":"repeat","background-position":"center center","background-size":"auto","background-attachment":"scroll","background-type":"","background-media":"","overlay-type":"","overlay-color":"","overlay-opacity":"","overlay-gradient":""},"tablet":{"background-color":"","background-image":"","background-repeat":"repeat","background-position":"center center","background-size":"auto","background-attachment":"scroll","background-type":"","background-media":"","overlay-type":"","overlay-color":"","overlay-opacity":"","overlay-gradient":""},"mobile":{"background-color":"","background-image":"","background-repeat":"repeat","background-position":"center center","background-size":"auto","background-attachment":"scroll","background-type":"","background-media":"","overlay-type":"","overlay-color":"","overlay-opacity":"","overlay-gradient":""}},"ast-content-background-meta":{"desktop":{"background-color":"var(--ast-global-color-5)","background-image":"","background-repeat":"repeat","background-position":"center center","background-size":"auto","background-attachment":"scroll","background-type":"","background-media":"","overlay-type":"","overlay-color":"","overlay-opacity":"","overlay-gradient":""},"tablet":{"background-color":"var(--ast-global-color-5)","background-image":"","background-repeat":"repeat","background-position":"center center","background-size":"auto","background-attachment":"scroll","background-type":"","background-media":"","overlay-type":"","overlay-color":"","overlay-opacity":"","overlay-gradient":""},"mobile":{"background-color":"var(--ast-global-color-5)","background-image":"","background-repeat":"repeat","background-position":"center center","background-size":"auto","background-attachment":"scroll","background-type":"","background-media":"","overlay-type":"","overlay-color":"","overlay-opacity":"","overlay-gradient":""}}},"product_brand":[],"product_cat":[4470],"product_tag":[4205],"class_list":{"0":"post-13958","1":"product","2":"type-product","3":"status-publish","4":"has-post-thumbnail","6":"product_cat-medidores-de-altura","7":"product_tag-gramil-de-altura","8":"desktop-align-center","9":"tablet-align-center","10":"mobile-align-center","12":"first","13":"instock","14":"featured","15":"taxable","16":"shipping-taxable","17":"purchasable","18":"product-type-simple"},"yoast_head":"<!-- This site is optimized with the Yoast SEO plugin v24.0 - https:\/\/yoast.com\/wordpress\/plugins\/seo\/ -->\n<title>Medidor De Altura Digital 0-500 mm\/0-20 Pulgadas Insize - test-bazar del tornero<\/title>\n<meta name=\"robots\" content=\"noindex, follow, max-snippet:-1, max-image-preview:large, max-video-preview:-1\" \/>\n<meta property=\"og:locale\" content=\"es_ES\" \/>\n<meta property=\"og:type\" content=\"article\" \/>\n<meta property=\"og:title\" content=\"Medidor De Altura Digital 0-500 mm\/0-20 Pulgadas Insize - test-bazar del tornero\" \/>\n<meta property=\"og:description\" content=\"Medidor de altura digital de 0-500mm\/0-20\u201d\" \/>\n<meta property=\"og:url\" content=\"https:\/\/int.bazardeltornero.com\/wp\/product\/medidor-de-altura-digital-0-500-mm-0-20-pulgadas-insize\/\" \/>\n<meta property=\"og:site_name\" content=\"test-bazar del tornero\" \/>\n<meta property=\"article:publisher\" content=\"https:\/\/www.facebook.com\/bazardeltornero\" \/>\n<meta property=\"article:modified_time\" content=\"2025-07-30T22:06:39+00:00\" \/>\n<meta name=\"twitter:card\" content=\"summary_large_image\" \/>\n<script type=\"application\/ld+json\" class=\"yoast-schema-graph\">{\"@context\":\"https:\/\/schema.org\",\"@graph\":[{\"@type\":\"WebPage\",\"@id\":\"https:\/\/int.bazardeltornero.com\/wp\/product\/medidor-de-altura-digital-0-500-mm-0-20-pulgadas-insize\/\",\"url\":\"https:\/\/int.bazardeltornero.com\/wp\/product\/medidor-de-altura-digital-0-500-mm-0-20-pulgadas-insize\/\",\"name\":\"Medidor De Altura Digital 0-500 mm\/0-20 Pulgadas Insize - test-bazar del tornero\",\"isPartOf\":{\"@id\":\"https:\/\/int.bazardeltornero.com\/wp\/#website\"},\"primaryImageOfPage\":{\"@id\":\"https:\/\/int.bazardeltornero.com\/wp\/product\/medidor-de-altura-digital-0-500-mm-0-20-pulgadas-insize\/#primaryimage\"},\"image\":{\"@id\":\"https:\/\/int.bazardeltornero.com\/wp\/product\/medidor-de-altura-digital-0-500-mm-0-20-pulgadas-insize\/#primaryimage\"},\"thumbnailUrl\":\"https:\/\/int.bazardeltornero.com\/wp\/wp-content\/uploads\/2025\/07\/1150-500-1.jpg\",\"datePublished\":\"2025-07-30T22:06:34+00:00\",\"dateModified\":\"2025-07-30T22:06:39+00:00\",\"breadcrumb\":{\"@id\":\"https:\/\/int.bazardeltornero.com\/wp\/product\/medidor-de-altura-digital-0-500-mm-0-20-pulgadas-insize\/#breadcrumb\"},\"inLanguage\":\"es\",\"potentialAction\":[{\"@type\":\"ReadAction\",\"target\":[\"https:\/\/int.bazardeltornero.com\/wp\/product\/medidor-de-altura-digital-0-500-mm-0-20-pulgadas-insize\/\"]}]},{\"@type\":\"ImageObject\",\"inLanguage\":\"es\",\"@id\":\"https:\/\/int.bazardeltornero.com\/wp\/product\/medidor-de-altura-digital-0-500-mm-0-20-pulgadas-insize\/#primaryimage\",\"url\":\"https:\/\/int.bazardeltornero.com\/wp\/wp-content\/uploads\/2025\/07\/1150-500-1.jpg\",\"contentUrl\":\"https:\/\/int.bazardeltornero.com\/wp\/wp-content\/uploads\/2025\/07\/1150-500-1.jpg\",\"width\":1000,\"height\":1000},{\"@type\":\"BreadcrumbList\",\"@id\":\"https:\/\/int.bazardeltornero.com\/wp\/product\/medidor-de-altura-digital-0-500-mm-0-20-pulgadas-insize\/#breadcrumb\",\"itemListElement\":[{\"@type\":\"ListItem\",\"position\":1,\"name\":\"Portada\",\"item\":\"https:\/\/int.bazardeltornero.com\/wp\/\"},{\"@type\":\"ListItem\",\"position\":2,\"name\":\"Tienda\",\"item\":\"https:\/\/int.bazardeltornero.com\/wp\/tienda\/\"},{\"@type\":\"ListItem\",\"position\":3,\"name\":\"Medidor De Altura Digital 0-500 mm\/0-20 Pulgadas Insize\"}]},{\"@type\":\"WebSite\",\"@id\":\"https:\/\/int.bazardeltornero.com\/wp\/#website\",\"url\":\"https:\/\/int.bazardeltornero.com\/wp\/\",\"name\":\"Bazar del Tornero\",\"description\":\"Herramientas para la Industria Metalmec\u00e1nica\",\"publisher\":{\"@id\":\"https:\/\/int.bazardeltornero.com\/wp\/#organization\"},\"potentialAction\":[{\"@type\":\"SearchAction\",\"target\":{\"@type\":\"EntryPoint\",\"urlTemplate\":\"https:\/\/int.bazardeltornero.com\/wp\/?s={search_term_string}\"},\"query-input\":{\"@type\":\"PropertyValueSpecification\",\"valueRequired\":true,\"valueName\":\"search_term_string\"}}],\"inLanguage\":\"es\"},{\"@type\":\"Organization\",\"@id\":\"https:\/\/int.bazardeltornero.com\/wp\/#organization\",\"name\":\"Bazar del Tornero\",\"url\":\"https:\/\/int.bazardeltornero.com\/wp\/\",\"logo\":{\"@type\":\"ImageObject\",\"inLanguage\":\"es\",\"@id\":\"https:\/\/int.bazardeltornero.com\/wp\/#\/schema\/logo\/image\/\",\"url\":\"https:\/\/int.bazardeltornero.com\/wp\/wp-content\/uploads\/2021\/08\/cropped-Bazar-del-tornero-Logos-web-Color.png\",\"contentUrl\":\"https:\/\/int.bazardeltornero.com\/wp\/wp-content\/uploads\/2021\/08\/cropped-Bazar-del-tornero-Logos-web-Color.png\",\"width\":400,\"height\":134,\"caption\":\"Bazar del Tornero\"},\"image\":{\"@id\":\"https:\/\/int.bazardeltornero.com\/wp\/#\/schema\/logo\/image\/\"},\"sameAs\":[\"https:\/\/www.facebook.com\/bazardeltornero\",\"https:\/\/www.instagram.com\/bazardeltornero\/\"]}]}<\/script>\n<!-- \/ Yoast SEO plugin. -->","yoast_head_json":{"title":"Medidor De Altura Digital 0-500 mm\/0-20 Pulgadas Insize - test-bazar del tornero","robots":{"index":"noindex","follow":"follow","max-snippet":"max-snippet:-1","max-image-preview":"max-image-preview:large","max-video-preview":"max-video-preview:-1"},"og_locale":"es_ES","og_type":"article","og_title":"Medidor De Altura Digital 0-500 mm\/0-20 Pulgadas Insize - test-bazar del tornero","og_description":"Medidor de altura digital de 0-500mm\/0-20\u201d","og_url":"https:\/\/int.bazardeltornero.com\/wp\/product\/medidor-de-altura-digital-0-500-mm-0-20-pulgadas-insize\/","og_site_name":"test-bazar del tornero","article_publisher":"https:\/\/www.facebook.com\/bazardeltornero","article_modified_time":"2025-07-30T22:06:39+00:00","twitter_card":"summary_large_image","schema":{"@context":"https:\/\/schema.org","@graph":[{"@type":"WebPage","@id":"https:\/\/int.bazardeltornero.com\/wp\/product\/medidor-de-altura-digital-0-500-mm-0-20-pulgadas-insize\/","url":"https:\/\/int.bazardeltornero.com\/wp\/product\/medidor-de-altura-digital-0-500-mm-0-20-pulgadas-insize\/","name":"Medidor De Altura Digital 0-500 mm\/0-20 Pulgadas Insize - test-bazar del tornero","isPartOf":{"@id":"https:\/\/int.bazardeltornero.com\/wp\/#website"},"primaryImageOfPage":{"@id":"https:\/\/int.bazardeltornero.com\/wp\/product\/medidor-de-altura-digital-0-500-mm-0-20-pulgadas-insize\/#primaryimage"},"image":{"@id":"https:\/\/int.bazardeltornero.com\/wp\/product\/medidor-de-altura-digital-0-500-mm-0-20-pulgadas-insize\/#primaryimage"},"thumbnailUrl":"https:\/\/int.bazardeltornero.com\/wp\/wp-content\/uploads\/2025\/07\/1150-500-1.jpg","datePublished":"2025-07-30T22:06:34+00:00","dateModified":"2025-07-30T22:06:39+00:00","breadcrumb":{"@id":"https:\/\/int.bazardeltornero.com\/wp\/product\/medidor-de-altura-digital-0-500-mm-0-20-pulgadas-insize\/#breadcrumb"},"inLanguage":"es","potentialAction":[{"@type":"ReadAction","target":["https:\/\/int.bazardeltornero.com\/wp\/product\/medidor-de-altura-digital-0-500-mm-0-20-pulgadas-insize\/"]}]},{"@type":"ImageObject","inLanguage":"es","@id":"https:\/\/int.bazardeltornero.com\/wp\/product\/medidor-de-altura-digital-0-500-mm-0-20-pulgadas-insize\/#primaryimage","url":"https:\/\/int.bazardeltornero.com\/wp\/wp-content\/uploads\/2025\/07\/1150-500-1.jpg","contentUrl":"https:\/\/int.bazardeltornero.com\/wp\/wp-content\/uploads\/2025\/07\/1150-500-1.jpg","width":1000,"height":1000},{"@type":"BreadcrumbList","@id":"https:\/\/int.bazardeltornero.com\/wp\/product\/medidor-de-altura-digital-0-500-mm-0-20-pulgadas-insize\/#breadcrumb","itemListElement":[{"@type":"ListItem","position":1,"name":"Portada","item":"https:\/\/int.bazardeltornero.com\/wp\/"},{"@type":"ListItem","position":2,"name":"Tienda","item":"https:\/\/int.bazardeltornero.com\/wp\/tienda\/"},{"@type":"ListItem","position":3,"name":"Medidor De Altura Digital 0-500 mm\/0-20 Pulgadas Insize"}]},{"@type":"WebSite","@id":"https:\/\/int.bazardeltornero.com\/wp\/#website","url":"https:\/\/int.bazardeltornero.com\/wp\/","name":"Bazar del Tornero","description":"Herramientas para la Industria Metalmec\u00e1nica","publisher":{"@id":"https:\/\/int.bazardeltornero.com\/wp\/#organization"},"potentialAction":[{"@type":"SearchAction","target":{"@type":"EntryPoint","urlTemplate":"https:\/\/int.bazardeltornero.com\/wp\/?s={search_term_string}"},"query-input":{"@type":"PropertyValueSpecification","valueRequired":true,"valueName":"search_term_string"}}],"inLanguage":"es"},{"@type":"Organization","@id":"https:\/\/int.bazardeltornero.com\/wp\/#organization","name":"Bazar del Tornero","url":"https:\/\/int.bazardeltornero.com\/wp\/","logo":{"@type":"ImageObject","inLanguage":"es","@id":"https:\/\/int.bazardeltornero.com\/wp\/#\/schema\/logo\/image\/","url":"https:\/\/int.bazardeltornero.com\/wp\/wp-content\/uploads\/2021\/08\/cropped-Bazar-del-tornero-Logos-web-Color.png","contentUrl":"https:\/\/int.bazardeltornero.com\/wp\/wp-content\/uploads\/2021\/08\/cropped-Bazar-del-tornero-Logos-web-Color.png","width":400,"height":134,"caption":"Bazar del Tornero"},"image":{"@id":"https:\/\/int.bazardeltornero.com\/wp\/#\/schema\/logo\/image\/"},"sameAs":["https:\/\/www.facebook.com\/bazardeltornero","https:\/\/www.instagram.com\/bazardeltornero\/"]}]}},"_links":{"self":[{"href":"https:\/\/int.bazardeltornero.com\/wp\/wp-json\/wp\/v2\/product\/13958","targetHints":{"allow":["GET"]}}],"collection":[{"href":"https:\/\/int.bazardeltornero.com\/wp\/wp-json\/wp\/v2\/product"}],"about":[{"href":"https:\/\/int.bazardeltornero.com\/wp\/wp-json\/wp\/v2\/types\/product"}],"replies":[{"embeddable":true,"href":"https:\/\/int.bazardeltornero.com\/wp\/wp-json\/wp\/v2\/comments?post=13958"}],"wp:featuredmedia":[{"embeddable":true,"href":"https:\/\/int.bazardeltornero.com\/wp\/wp-json\/wp\/v2\/media\/13772"}],"wp:attachment":[{"href":"https:\/\/int.bazardeltornero.com\/wp\/wp-json\/wp\/v2\/media?parent=13958"}],"wp:term":[{"taxonomy":"product_brand","embeddable":true,"href":"https:\/\/int.bazardeltornero.com\/wp\/wp-json\/wp\/v2\/product_brand?post=13958"},{"taxonomy":"product_cat","embeddable":true,"href":"https:\/\/int.bazardeltornero.com\/wp\/wp-json\/wp\/v2\/product_cat?post=13958"},{"taxonomy":"product_tag","embeddable":true,"href":"https:\/\/int.bazardeltornero.com\/wp\/wp-json\/wp\/v2\/product_tag?post=13958"}],"curies":[{"name":"wp","href":"https:\/\/api.w.org\/{rel}","templated":true}]}}